{"id":237,"date":"2020-04-20T17:01:09","date_gmt":"2020-04-20T15:01:09","guid":{"rendered":"https:\/\/bluetenfraeulein.de\/?page_id=237"},"modified":"2020-12-29T11:59:28","modified_gmt":"2020-12-29T10:59:28","slug":"wer-hinter-dem-bluetenfraeulein-steckt","status":"publish","type":"page","link":"https:\/\/bluetenfraeulein.de\/?page_id=237","title":{"rendered":"Wer hinter dem Bl\u00fctenfr\u00e4ulein steckt"},"content":{"rendered":"\n<div class=\"wp-block-image is-style-rounded\"><figure class=\"alignright size-large is-resized\"><img loading=\"lazy\" decoding=\"async\" src=\"https:\/\/bluetenfraeulein.de\/wp-content\/uploads\/2020\/04\/About-1-1024x1024.jpg\" alt=\"\" class=\"wp-image-155\" width=\"227\" height=\"227\" srcset=\"https:\/\/bluetenfraeulein.de\/wp-content\/uploads\/2020\/04\/About-1-1024x1024.jpg 1024w, https:\/\/bluetenfraeulein.de\/wp-content\/uploads\/2020\/04\/About-1-300x300.jpg 300w, https:\/\/bluetenfraeulein.de\/wp-content\/uploads\/2020\/04\/About-1-150x150.jpg 150w, https:\/\/bluetenfraeulein.de\/wp-content\/uploads\/2020\/04\/About-1-768x768.jpg 768w, https:\/\/bluetenfraeulein.de\/wp-content\/uploads\/2020\/04\/About-1-1140x1140.jpg 1140w, https:\/\/bluetenfraeulein.de\/wp-content\/uploads\/2020\/04\/About-1-75x75.jpg 75w, https:\/\/bluetenfraeulein.de\/wp-content\/uploads\/2020\/04\/About-1.jpg 1200w\" sizes=\"auto, (max-width: 227px) 100vw, 227px\" \/><\/figure><\/div>\n\n\n\n<p>Hallo ihr Lieben!<\/p>\n\n\n\n<p>Mein Name ist Vroni, ich bin 27 Jahre alt und wohne im sch\u00f6nen M\u00fcnchen.<br>Seit letztem Jahr darf ich mich Gartenbauingenieurin nennen, womit ich ein wundersch\u00f6nes Hobby zu meinem Beruf gemacht habe.<\/p>\n\n\n\n<p>Da ich beruflich jedoch wenig mit dem richtigen H\u00e4nde-im-Dreck-Gartln zu tun habe, bin ich froh, das mit meinem Freund Hannes in einem der vielen M\u00fcnchener Schreberg\u00e4rten machen zu k\u00f6nnen.<\/p>\n\n\n\n<p>Aber nicht nur im Garten tummeln sich bei mir die Pflanzen. Meinen kleinen Balkon habe ich in eine s\u00fc\u00dfe Ruheoase voll mit bl\u00fchenden Pflanzen verwandelt und in meiner Wohnung l\u00e4sst sich von gew\u00f6hnlichen Zimmerpflanzen bis tropischen B\u00e4umchen einiges finden.<\/p>\n\n\n\n<p>Auf diesem Blog m\u00f6chte ich euch in meinen gr\u00fcnen Alltag mitnehmen, manch g\u00e4rtnerische Themen ansprechen und fachliches Wissen teilen.<br>Es w\u00e4re fantastisch, wenn ich euch zum Gartln motivieren und somit einen kleinen Beitrag f\u00fcr eine gr\u00fcnere Welt leisten k\u00f6nnte!<\/p>\n\n\n\n<p>Gerne k\u00f6nnt ihr mir bei Fragen rund um\u00b4s Gartln schreiben.<\/p>\n\n\n\n<p>Euer Bl\u00fctenfr\u00e4ulein<\/p>\n","protected":false},"excerpt":{"rendered":"<p>Hallo ihr Lieben! Mein Name ist Vroni, ich bin 27 Jahre alt und wohne im sch\u00f6nen M\u00fcnchen.Seit letztem Jahr darf ich mich Gartenbauingenieurin nennen, womit ich ein wundersch\u00f6nes Hobby zu meinem Beruf gemacht habe. Da ich beruflich jedoch wenig mit dem richtigen H\u00e4nde-im-Dreck-Gartln zu tun habe, bin ich froh, das mit meinem Freund Hannes in einem der vielen M\u00fcnchener Schreberg\u00e4rten machen zu k\u00f6nnen. Aber nicht nur im Garten tummeln sich bei mir die Pflanzen. Meinen kleinen Balkon habe ich in eine s\u00fc\u00dfe Ruheoase voll mit bl\u00fchenden Pflanzen verwandelt und in meiner Wohnung l\u00e4sst sich von gew\u00f6hnlichen Zimmerpflanzen bis tropischen B\u00e4umchen einiges finden. Auf diesem Blog m\u00f6chte ich euch in meinen gr\u00fcnen Alltag mitnehmen, manch g\u00e4rtnerische Themen ansprechen und fachliches Wissen teilen.Es w\u00e4re fantastisch, wenn ich euch zum Gartln motivieren und somit einen kleinen Beitrag f\u00fcr eine gr\u00fcnere Welt leisten k\u00f6nnte! Gerne k\u00f6nnt ihr mir bei Fragen rund um\u00b4s Gartln schreiben. Euer Bl\u00fctenfr\u00e4ulein<\/p>\n","protected":false},"author":3,"featured_media":0,"parent":0,"menu_order":0,"comment_status":"closed","ping_status":"closed","template":"","meta":{"ngg_post_thumbnail":0,"footnotes":""},"class_list":["post-237","page","type-page","status-publish","hentry"],"yoast_head":"<!-- This site is optimized with the Yoast SEO plugin v27.5 - https:\/\/yoast.com\/product\/yoast-seo-wordpress\/ -->\n<title>Wer hinter dem Bl\u00fctenfr\u00e4ulein steckt - Das Bl\u00fctenfr\u00e4ulein<\/title>\n<meta name=\"description\" content=\"Das Bl\u00fctenfr\u00e4ulein - Altes Kr\u00e4uterwissen neu entdeckt\" \/>\n<meta name=\"robots\" content=\"index, follow, max-snippet:-1, max-image-preview:large, max-video-preview:-1\" \/>\n<link rel=\"canonical\" href=\"https:\/\/bluetenfraeulein.de\/?page_id=237\" \/>\n<meta property=\"og:locale\" content=\"de_DE\" \/>\n<meta property=\"og:type\" content=\"article\" \/>\n<meta property=\"og:title\" content=\"Wer hinter dem Bl\u00fctenfr\u00e4ulein steckt - Das Bl\u00fctenfr\u00e4ulein\" \/>\n<meta property=\"og:description\" content=\"Das Bl\u00fctenfr\u00e4ulein - Altes Kr\u00e4uterwissen neu entdeckt\" \/>\n<meta property=\"og:url\" content=\"https:\/\/bluetenfraeulein.de\/?page_id=237\" \/>\n<meta property=\"og:site_name\" content=\"Das Bl\u00fctenfr\u00e4ulein\" \/>\n<meta property=\"article:modified_time\" content=\"2020-12-29T10:59:28+00:00\" \/>\n<meta property=\"og:image\" content=\"https:\/\/bluetenfraeulein.de\/wp-content\/uploads\/2020\/04\/About-1-1024x1024.jpg\" \/>\n<meta name=\"twitter:card\" content=\"summary_large_image\" \/>\n<meta name=\"twitter:label1\" content=\"Gesch\u00e4tzte Lesezeit\" \/>\n\t<meta name=\"twitter:data1\" content=\"1\u00a0Minute\" \/>\n<script type=\"application\/ld+json\" class=\"yoast-schema-graph\">{\"@context\":\"https:\\\/\\\/schema.org\",\"@graph\":[{\"@type\":\"WebPage\",\"@id\":\"https:\\\/\\\/bluetenfraeulein.de\\\/?page_id=237\",\"url\":\"https:\\\/\\\/bluetenfraeulein.de\\\/?page_id=237\",\"name\":\"Wer hinter dem Bl\u00fctenfr\u00e4ulein steckt - Das Bl\u00fctenfr\u00e4ulein\",\"isPartOf\":{\"@id\":\"https:\\\/\\\/bluetenfraeulein.de\\\/#website\"},\"primaryImageOfPage\":{\"@id\":\"https:\\\/\\\/bluetenfraeulein.de\\\/?page_id=237#primaryimage\"},\"image\":{\"@id\":\"https:\\\/\\\/bluetenfraeulein.de\\\/?page_id=237#primaryimage\"},\"thumbnailUrl\":\"https:\\\/\\\/bluetenfraeulein.de\\\/wp-content\\\/uploads\\\/2020\\\/04\\\/About-1-1024x1024.jpg\",\"datePublished\":\"2020-04-20T15:01:09+00:00\",\"dateModified\":\"2020-12-29T10:59:28+00:00\",\"description\":\"Das Bl\u00fctenfr\u00e4ulein - Altes Kr\u00e4uterwissen neu entdeckt\",\"breadcrumb\":{\"@id\":\"https:\\\/\\\/bluetenfraeulein.de\\\/?page_id=237#breadcrumb\"},\"inLanguage\":\"de\",\"potentialAction\":[{\"@type\":\"ReadAction\",\"target\":[\"https:\\\/\\\/bluetenfraeulein.de\\\/?page_id=237\"]}]},{\"@type\":\"ImageObject\",\"inLanguage\":\"de\",\"@id\":\"https:\\\/\\\/bluetenfraeulein.de\\\/?page_id=237#primaryimage\",\"url\":\"https:\\\/\\\/bluetenfraeulein.de\\\/wp-content\\\/uploads\\\/2020\\\/04\\\/About-1.jpg\",\"contentUrl\":\"https:\\\/\\\/bluetenfraeulein.de\\\/wp-content\\\/uploads\\\/2020\\\/04\\\/About-1.jpg\",\"width\":1200,\"height\":1200},{\"@type\":\"BreadcrumbList\",\"@id\":\"https:\\\/\\\/bluetenfraeulein.de\\\/?page_id=237#breadcrumb\",\"itemListElement\":[{\"@type\":\"ListItem\",\"position\":1,\"name\":\"Startseite\",\"item\":\"https:\\\/\\\/bluetenfraeulein.de\\\/\"},{\"@type\":\"ListItem\",\"position\":2,\"name\":\"Wer hinter dem Bl\u00fctenfr\u00e4ulein steckt\"}]},{\"@type\":\"WebSite\",\"@id\":\"https:\\\/\\\/bluetenfraeulein.de\\\/#website\",\"url\":\"https:\\\/\\\/bluetenfraeulein.de\\\/\",\"name\":\"Das Bl\u00fctenfr\u00e4ulein\",\"description\":\"Altes Kr\u00e4uterwissen neu entdeckt\",\"publisher\":{\"@id\":\"https:\\\/\\\/bluetenfraeulein.de\\\/#\\\/schema\\\/person\\\/d8bfca0ac766cb39b38d37f5581e99b3\"},\"potentialAction\":[{\"@type\":\"SearchAction\",\"target\":{\"@type\":\"EntryPoint\",\"urlTemplate\":\"https:\\\/\\\/bluetenfraeulein.de\\\/?s={search_term_string}\"},\"query-input\":{\"@type\":\"PropertyValueSpecification\",\"valueRequired\":true,\"valueName\":\"search_term_string\"}}],\"inLanguage\":\"de\"},{\"@type\":[\"Person\",\"Organization\"],\"@id\":\"https:\\\/\\\/bluetenfraeulein.de\\\/#\\\/schema\\\/person\\\/d8bfca0ac766cb39b38d37f5581e99b3\",\"name\":\"V.B. Banzer\",\"image\":{\"@type\":\"ImageObject\",\"inLanguage\":\"de\",\"@id\":\"https:\\\/\\\/secure.gravatar.com\\\/avatar\\\/4f8b42850d9378d918a6f30e9f42e9990dd8c699153842a2956f7c28927c42eb?s=96&d=mm&r=g\",\"url\":\"https:\\\/\\\/secure.gravatar.com\\\/avatar\\\/4f8b42850d9378d918a6f30e9f42e9990dd8c699153842a2956f7c28927c42eb?s=96&d=mm&r=g\",\"contentUrl\":\"https:\\\/\\\/secure.gravatar.com\\\/avatar\\\/4f8b42850d9378d918a6f30e9f42e9990dd8c699153842a2956f7c28927c42eb?s=96&d=mm&r=g\",\"caption\":\"V.B. Banzer\"},\"logo\":{\"@id\":\"https:\\\/\\\/secure.gravatar.com\\\/avatar\\\/4f8b42850d9378d918a6f30e9f42e9990dd8c699153842a2956f7c28927c42eb?s=96&d=mm&r=g\"},\"sameAs\":[\"http:\\\/\\\/bl\u00fctenfr\u00e4ulein.de\"]}]}<\/script>\n<!-- \/ Yoast SEO plugin. -->","yoast_head_json":{"title":"Wer hinter dem Bl\u00fctenfr\u00e4ulein steckt - Das Bl\u00fctenfr\u00e4ulein","description":"Das Bl\u00fctenfr\u00e4ulein - Altes Kr\u00e4uterwissen neu entdeckt","robots":{"index":"index","follow":"follow","max-snippet":"max-snippet:-1","max-image-preview":"max-image-preview:large","max-video-preview":"max-video-preview:-1"},"canonical":"https:\/\/bluetenfraeulein.de\/?page_id=237","og_locale":"de_DE","og_type":"article","og_title":"Wer hinter dem Bl\u00fctenfr\u00e4ulein steckt - Das Bl\u00fctenfr\u00e4ulein","og_description":"Das Bl\u00fctenfr\u00e4ulein - Altes Kr\u00e4uterwissen neu entdeckt","og_url":"https:\/\/bluetenfraeulein.de\/?page_id=237","og_site_name":"Das Bl\u00fctenfr\u00e4ulein","article_modified_time":"2020-12-29T10:59:28+00:00","og_image":[{"url":"https:\/\/bluetenfraeulein.de\/wp-content\/uploads\/2020\/04\/About-1-1024x1024.jpg","type":"","width":"","height":""}],"twitter_card":"summary_large_image","twitter_misc":{"Gesch\u00e4tzte Lesezeit":"1\u00a0Minute"},"schema":{"@context":"https:\/\/schema.org","@graph":[{"@type":"WebPage","@id":"https:\/\/bluetenfraeulein.de\/?page_id=237","url":"https:\/\/bluetenfraeulein.de\/?page_id=237","name":"Wer hinter dem Bl\u00fctenfr\u00e4ulein steckt - Das Bl\u00fctenfr\u00e4ulein","isPartOf":{"@id":"https:\/\/bluetenfraeulein.de\/#website"},"primaryImageOfPage":{"@id":"https:\/\/bluetenfraeulein.de\/?page_id=237#primaryimage"},"image":{"@id":"https:\/\/bluetenfraeulein.de\/?page_id=237#primaryimage"},"thumbnailUrl":"https:\/\/bluetenfraeulein.de\/wp-content\/uploads\/2020\/04\/About-1-1024x1024.jpg","datePublished":"2020-04-20T15:01:09+00:00","dateModified":"2020-12-29T10:59:28+00:00","description":"Das Bl\u00fctenfr\u00e4ulein - Altes Kr\u00e4uterwissen neu entdeckt","breadcrumb":{"@id":"https:\/\/bluetenfraeulein.de\/?page_id=237#breadcrumb"},"inLanguage":"de","potentialAction":[{"@type":"ReadAction","target":["https:\/\/bluetenfraeulein.de\/?page_id=237"]}]},{"@type":"ImageObject","inLanguage":"de","@id":"https:\/\/bluetenfraeulein.de\/?page_id=237#primaryimage","url":"https:\/\/bluetenfraeulein.de\/wp-content\/uploads\/2020\/04\/About-1.jpg","contentUrl":"https:\/\/bluetenfraeulein.de\/wp-content\/uploads\/2020\/04\/About-1.jpg","width":1200,"height":1200},{"@type":"BreadcrumbList","@id":"https:\/\/bluetenfraeulein.de\/?page_id=237#breadcrumb","itemListElement":[{"@type":"ListItem","position":1,"name":"Startseite","item":"https:\/\/bluetenfraeulein.de\/"},{"@type":"ListItem","position":2,"name":"Wer hinter dem Bl\u00fctenfr\u00e4ulein steckt"}]},{"@type":"WebSite","@id":"https:\/\/bluetenfraeulein.de\/#website","url":"https:\/\/bluetenfraeulein.de\/","name":"Das Bl\u00fctenfr\u00e4ulein","description":"Altes Kr\u00e4uterwissen neu entdeckt","publisher":{"@id":"https:\/\/bluetenfraeulein.de\/#\/schema\/person\/d8bfca0ac766cb39b38d37f5581e99b3"},"potentialAction":[{"@type":"SearchAction","target":{"@type":"EntryPoint","urlTemplate":"https:\/\/bluetenfraeulein.de\/?s={search_term_string}"},"query-input":{"@type":"PropertyValueSpecification","valueRequired":true,"valueName":"search_term_string"}}],"inLanguage":"de"},{"@type":["Person","Organization"],"@id":"https:\/\/bluetenfraeulein.de\/#\/schema\/person\/d8bfca0ac766cb39b38d37f5581e99b3","name":"V.B. Banzer","image":{"@type":"ImageObject","inLanguage":"de","@id":"https:\/\/secure.gravatar.com\/avatar\/4f8b42850d9378d918a6f30e9f42e9990dd8c699153842a2956f7c28927c42eb?s=96&d=mm&r=g","url":"https:\/\/secure.gravatar.com\/avatar\/4f8b42850d9378d918a6f30e9f42e9990dd8c699153842a2956f7c28927c42eb?s=96&d=mm&r=g","contentUrl":"https:\/\/secure.gravatar.com\/avatar\/4f8b42850d9378d918a6f30e9f42e9990dd8c699153842a2956f7c28927c42eb?s=96&d=mm&r=g","caption":"V.B. Banzer"},"logo":{"@id":"https:\/\/secure.gravatar.com\/avatar\/4f8b42850d9378d918a6f30e9f42e9990dd8c699153842a2956f7c28927c42eb?s=96&d=mm&r=g"},"sameAs":["http:\/\/bl\u00fctenfr\u00e4ulein.de"]}]}},"_links":{"self":[{"href":"https:\/\/bluetenfraeulein.de\/index.php?rest_route=\/wp\/v2\/pages\/237","targetHints":{"allow":["GET"]}}],"collection":[{"href":"https:\/\/bluetenfraeulein.de\/index.php?rest_route=\/wp\/v2\/pages"}],"about":[{"href":"https:\/\/bluetenfraeulein.de\/index.php?rest_route=\/wp\/v2\/types\/page"}],"author":[{"embeddable":true,"href":"https:\/\/bluetenfraeulein.de\/index.php?rest_route=\/wp\/v2\/users\/3"}],"replies":[{"embeddable":true,"href":"https:\/\/bluetenfraeulein.de\/index.php?rest_route=%2Fwp%2Fv2%2Fcomments&post=237"}],"version-history":[{"count":5,"href":"https:\/\/bluetenfraeulein.de\/index.php?rest_route=\/wp\/v2\/pages\/237\/revisions"}],"predecessor-version":[{"id":632,"href":"https:\/\/bluetenfraeulein.de\/index.php?rest_route=\/wp\/v2\/pages\/237\/revisions\/632"}],"wp:attachment":[{"href":"https:\/\/bluetenfraeulein.de\/index.php?rest_route=%2Fwp%2Fv2%2Fmedia&parent=237"}],"curies":[{"name":"wp","href":"https:\/\/api.w.org\/{rel}","templated":true}]}}